{"id":729,"date":"2024-09-12T14:44:59","date_gmt":"2024-09-12T14:44:59","guid":{"rendered":"https:\/\/lesfoisonnantes.fr\/info\/?page_id=729"},"modified":"2024-09-12T19:39:30","modified_gmt":"2024-09-12T19:39:30","slug":"grandes-conferences-et-tables-rondes","status":"publish","type":"page","link":"https:\/\/lesfoisonnantes.fr\/info\/?page_id=729","title":{"rendered":"GRANDES CONF\u00c9RENCES ET TABLES RONDES"},"content":{"rendered":"<div id=\"cs-content\" class=\"cs-content\"><div class=\"x-section e729-e1 mk9-0 mk9-1 mk9-2 mk9-3\"><div class=\"x-row x-container max width e729-e2 mk9-7 mk9-8 mk9-9 mk9-d mk9-e\"><div class=\"x-row-inner\"><div class=\"x-col e729-e3 mk9-t mk9-u mk9-v mk9-w mk9-x\"><span class=\"x-image e729-e4 mk9-12 mk9-13 mk9-14\"><img decoding=\"async\" src=\"https:\/\/lesfoisonnantes.fr\/info\/wp-content\/uploads\/2024\/09\/titre_page_conferences_et_tables_rondes.png\" width=\"1562\" height=\"138\" alt=\"Image\" loading=\"lazy\"><\/span><div class=\"x-text x-content e729-e5 mk9-16 mk9-17 mk9-18\"><p>Retrouvez la programmation compl\u00e8te sur la page PROGRAMME du menu principal.<\/p>\n<p>Pour en apprendre plus sur les personnalit\u00e9s qui prennent part aux six conf\u00e9rences et tables rondes, ainsi qu'aux conf\u00e9rences singuli\u00e8res, rendez-vous sur la page CONF\u00c9RENCIERS.<\/p>\n<p><\/p><\/div><\/div><\/div><\/div><div class=\"x-row x-container max width e729-e6 mk9-7 mk9-9 mk9-a mk9-d mk9-f\"><div class=\"x-row-inner\"><div class=\"x-col e729-e7 mk9-t mk9-v mk9-y mk9-z\"><span class=\"x-image e729-e8 mk9-12 mk9-13\"><img decoding=\"async\" src=\"https:\/\/lesfoisonnantes.fr\/info\/wp-content\/uploads\/2024\/08\/date_samedi.png\" width=\"198\" height=\"153\" alt=\"Image\" loading=\"lazy\"><\/span><\/div><\/div><\/div><\/div><div class=\"x-section e729-e9 mk9-0 mk9-2 mk9-3 mk9-4\"><div class=\"x-row x-container max width e729-e10 mk9-7 mk9-9 mk9-a mk9-b mk9-d mk9-g\"><div class=\"x-row-inner\"><div class=\"x-col e729-e11 mk9-t mk9-10\"><div class=\"x-text x-content e729-e12 mk9-17 mk9-19 mk9-1a mk9-1b mk9-1c\"><p><strong>COMMENT FAVORISER LE D\u00c9VELOPPEMENT HARMONIEUX DE L'ENFANT FACE AUX ENJEUX CONTEMPORAINS ?<br \/>\n<\/strong><\/p><\/div><\/div><\/div><\/div><div class=\"x-row x-container max width e729-e13 mk9-7 mk9-9 mk9-a mk9-d mk9-h\"><div class=\"x-row-inner\"><div class=\"x-col e729-e14 mk9-t mk9-x mk9-10\"><span class=\"x-image e729-e15 mk9-12 mk9-15\"><img decoding=\"async\" src=\"https:\/\/lesfoisonnantes.fr\/info\/wp-content\/uploads\/2024\/09\/carre_samedi_matin.png\" width=\"201\" height=\"195\" alt=\"Image\" loading=\"lazy\"><\/span><\/div><div class=\"x-col e729-e16 mk9-t mk9-10\"><div class=\"x-text x-content e729-e17 mk9-17 mk9-18 mk9-19 mk9-1b mk9-1d\"><p>Sonia Delahaigue, Senta Depuydt, Marie Grenet, Alice Guyon, Jo\u00eblle Richardi\u00e8re.<\/p>\n<p>Cinq sp\u00e9cialistes du d\u00e9veloppement de l\u2019enfant, cinq femmes, viennent nous \u00e9clairer sur les enjeux actuels de l\u2019\u00e9ducation (programmes impos\u00e9s par les directives europ\u00e9ennes notamment), de la sant\u00e9, de la question affective et \u00e9motionnelle, de la construction du cerveau, de la place des valeurs familiales et relationnelles, de l'importance de la cr\u00e9ation\u2026 dans la perspective des grands changements soci\u00e9taux en cours.<\/p>\n<p>Une conf\u00e9rence essentielle qui donne le ton aux d\u00e9bats qui ne manqueront pas de nourrir les Foisonnantes cette ann\u00e9e !<\/p><\/div><\/div><\/div><\/div><\/div><div class=\"x-section e729-e18 mk9-0 mk9-3 mk9-4 mk9-5\"><div class=\"x-row x-container max width e729-e19 mk9-7 mk9-9 mk9-a mk9-b mk9-d mk9-i\"><div class=\"x-row-inner\"><div class=\"x-col e729-e20 mk9-t mk9-10\"><div class=\"x-text x-content e729-e21 mk9-17 mk9-19 mk9-1a mk9-1b mk9-1e\"><p>L'INT\u00c9R\u00caT SUP\u00c9RIEUR DE L'ENFANT ?<br \/>\nLes cons\u00e9quences \u00e0 long terme de la crise sanitaire sur la jeunesse, bilan, rem\u00e8des, perspectives.<\/p><\/div><\/div><\/div><\/div><div class=\"x-row x-container max width e729-e22 mk9-7 mk9-9 mk9-a mk9-d mk9-j\"><div class=\"x-row-inner\"><div class=\"x-col e729-e23 mk9-t mk9-x mk9-10\"><span class=\"x-image e729-e24 mk9-12 mk9-15\"><img decoding=\"async\" src=\"https:\/\/lesfoisonnantes.fr\/info\/wp-content\/uploads\/2024\/09\/carre_samedi_table_ronde-1.png\" width=\"201\" height=\"195\" alt=\"Image\" loading=\"lazy\"><\/span><\/div><div class=\"x-col e729-e25 mk9-t mk9-10\"><div class=\"x-text x-content e729-e26 mk9-17 mk9-18 mk9-19 mk9-1b mk9-1d\"><p>Quelles sont les cons\u00e9quences \u00e9parses, mais bien pr\u00e9sentes, des derni\u00e8res ann\u00e9es de contraintes, situations anxiog\u00e8nes, isolement, malaise social et perte de confiance en l\u2019autorit\u00e9, dont les jeunes personnes t\u00e9moignent aujourd\u2019hui ? Que ce soit en cabinet de psy ou en classe, le malaise est constat\u00e9 sans \u00e9quivoque. O\u00f9 en sommes-nous de \u00ab l\u2019int\u00e9r\u00eat sup\u00e9rieur de l\u2019enfant \u00bb et comment pouvons-nous y apporter du sens ?<\/p>\n<p>Alain Gorius (m\u00e9decin) et Jean-Pierre Lepri (ancien professeur et Inspecteur de l\u2019\u00e9ducation nationale) rejoignent Sonia Delahaigue, Marie Grenet et Jo\u00eblle Richardi\u00e8re pour apporter un \u00e9clairage constructif sur la question.<\/p><\/div><\/div><\/div><\/div><\/div><div class=\"x-section e729-e27 mk9-0 mk9-2 mk9-3 mk9-4\"><div class=\"x-row x-container max width e729-e28 mk9-7 mk9-9 mk9-a mk9-b mk9-d mk9-k\"><div class=\"x-row-inner\"><div class=\"x-col e729-e29 mk9-t mk9-10\"><div class=\"x-text x-content e729-e30 mk9-17 mk9-19 mk9-1a mk9-1b mk9-1f\">LA BARBARIE NUM\u00c9RIQUE. Une autre vie connect\u00e9e est-elle possible ?<\/div><\/div><\/div><\/div><div class=\"x-row x-container max width e729-e31 mk9-7 mk9-9 mk9-a mk9-d mk9-l\"><div class=\"x-row-inner\"><div class=\"x-col e729-e32 mk9-t mk9-x mk9-10\"><span class=\"x-image e729-e33 mk9-12 mk9-15\"><img decoding=\"async\" src=\"https:\/\/lesfoisonnantes.fr\/info\/wp-content\/uploads\/2024\/09\/carre_samedi_table_ronde-2.png\" width=\"201\" height=\"195\" alt=\"Image\" loading=\"lazy\"><\/span><\/div><div class=\"x-col e729-e34 mk9-t mk9-10\"><div class=\"x-text x-content e729-e35 mk9-17 mk9-18 mk9-19 mk9-1b mk9-1d\">Les impacts \u00e9cologiques et g\u00e9opolitiques des nouvelles technologies sont bien plus grandes que l\u2019\u00e9cran de notre t\u00e9l\u00e9phone portable et de ce qu\u2019il nous montre de la r\u00e9alit\u00e9 virtuelle du monde. Les addictions aux \u00e9crans sont \u00e0 l\u2019origine de tendances suicidaires en nette augmentation, alors que l\u2019\u00e9conomie mondiale est tributaire de l\u2019extraction de mati\u00e8res premi\u00e8res, non \u00e9thiques. Charles-Maxence Layet, journaliste scientifique, chercheur dans les domaines des nouvelles technologies de l\u2019\u00e9nergie et de l\u2019environnement \u00e9lectromagn\u00e9tique, Fabien Moine, naturopathe, \u00e9diteur et documentariste ainsi qu\u2019Alice Guyon, directrice de recherches au CNRS, mettent en perspective le large spectre des enjeux du num\u00e9rique et les capacit\u00e9s de r\u00e9silience du vivant \u00e0 l\u2019\u00e8re du monde hyper-connect\u00e9.<\/div><\/div><\/div><\/div><\/div><div class=\"x-section e729-e36 mk9-0 mk9-6\"><div class=\"x-row x-container max width e729-e37 mk9-7 mk9-c mk9-d mk9-m\"><div class=\"x-row-inner\"><div class=\"x-col e729-e38 mk9-t mk9-v mk9-w mk9-11\"><span class=\"x-image e729-e39 mk9-12 mk9-13\"><img decoding=\"async\" src=\"https:\/\/lesfoisonnantes.fr\/info\/wp-content\/uploads\/2024\/08\/date_dimanche.png\" width=\"240\" height=\"153\" alt=\"Image\" loading=\"lazy\"><\/span><\/div><\/div><\/div><\/div><div class=\"x-section e729-e40 mk9-0 mk9-2 mk9-3 mk9-4\"><div class=\"x-row x-container max width e729-e41 mk9-7 mk9-9 mk9-a mk9-b mk9-d mk9-n\"><div class=\"x-row-inner\"><div class=\"x-col e729-e42 mk9-t mk9-10\"><div class=\"x-text x-content e729-e43 mk9-17 mk9-19 mk9-1a mk9-1b mk9-1e\">LA CONSCIENCE, PASSERELLE ENTRE SCIENCE ET SPIRITUALIT\u00c9.<\/div><\/div><\/div><\/div><div class=\"x-row x-container max width e729-e44 mk9-7 mk9-8 mk9-9 mk9-d mk9-o\"><div class=\"x-row-inner\"><div class=\"x-col e729-e45 mk9-t mk9-x mk9-10\"><span class=\"x-image e729-e46 mk9-12 mk9-15\"><img decoding=\"async\" src=\"https:\/\/lesfoisonnantes.fr\/info\/wp-content\/uploads\/2024\/09\/carre_dimanche_matin.png\" width=\"201\" height=\"195\" alt=\"Image\" loading=\"lazy\"><\/span><\/div><div class=\"x-col e729-e47 mk9-t mk9-10\"><div class=\"x-text x-content e729-e48 mk9-17 mk9-18 mk9-19 mk9-1b mk9-1d\"><p>Jacques Besson, Philippe Guillemant et Stephan Schillinger, les personnes parmi les mieux habilit\u00e9es \u00e0 nous faire voyager dans les m\u00e9andres des \u00e9tats de conscience \u00e9largis, que ce soit pour les besoins de la m\u00e9decine psychiatrique, de la recherche scientifique, ou de la connaissance de notre potentiel quantique, partagent avec un public ouvert d\u2019esprit les r\u00e9flexions les plus audacieuses.<br \/>\nComment d\u00e9crypter les synchronicit\u00e9s? Suis-je vraiment ce que je crois \u00eatre? Qu\u2019est-ce que la conscience? Qu\u2019est-ce que l\u2019\u00e2me? Et, au bout du compte, qu\u2019est-ce qu\u2019\u00eatre humain?<\/p><\/div><\/div><\/div><\/div><\/div><div class=\"x-section e729-e49 mk9-0 mk9-3 mk9-4 mk9-5\"><div class=\"x-row x-container max width e729-e50 mk9-7 mk9-9 mk9-a mk9-b mk9-d mk9-p\"><div class=\"x-row-inner\"><div class=\"x-col e729-e51 mk9-t mk9-10\"><div class=\"x-text x-content e729-e52 mk9-17 mk9-19 mk9-1a mk9-1g\">LES GRAINES D'UN MONDE NOUVEAU.<\/div><\/div><\/div><\/div><div class=\"x-row x-container max width e729-e53 mk9-7 mk9-9 mk9-a mk9-b mk9-d mk9-q\"><div class=\"x-row-inner\"><div class=\"x-col e729-e54 mk9-t mk9-x mk9-10\"><span class=\"x-image e729-e55 mk9-12 mk9-15\"><img decoding=\"async\" src=\"https:\/\/lesfoisonnantes.fr\/info\/wp-content\/uploads\/2024\/09\/carre_dimanche_table_ronde_1.png\" width=\"201\" height=\"195\" alt=\"Image\" loading=\"lazy\"><\/span><\/div><div class=\"x-col e729-e56 mk9-t mk9-10\"><div class=\"x-text x-content e729-e57 mk9-17 mk9-18 mk9-19 mk9-1b mk9-1d\"><p>De quoi sera est fait notre futur commun? Quelle en est la gen\u00e8se? Comment participer \u00e0 semer les graines du monde nouveau en toute conscience? De quoi ai-je besoin pour \u00eatre souverain? Les relations entre les humains ne sont-elles soumises qu\u2019\u00e0 des r\u00e8gles de profit? C\u2019est quoi re-faire soci\u00e9t\u00e9? <br \/>\nAutant de points d\u2019interrogation auxquels tenteront de r\u00e9pondre, dans la perspective du monde nouveau, Val\u00e9rie Bugault, \u00c9tienne Chouard, Philippe Guillemant, Jean-Philippe Huber et Fabien Moine, pour esquisser les contours d\u2019un paysage foisonnant de potentialit\u00e9s !<\/p>\n<p><a href=\"https:\/\/fr.heartfulness.org\"><\/a><\/p><\/div><\/div><\/div><\/div><\/div><div class=\"x-section e729-e58 mk9-0 mk9-3 mk9-4 mk9-5\"><div class=\"x-row x-container max width e729-e59 mk9-7 mk9-9 mk9-a mk9-b mk9-d mk9-r\"><div class=\"x-row-inner\"><div class=\"x-col e729-e60 mk9-t mk9-10\"><div class=\"x-text x-content e729-e61 mk9-17 mk9-19 mk9-1a mk9-1g\">ADDICTIONS CONTEMPORAINES ET CHAMPS DE CONSCIENCE \u00c9LARGIS.<\/div><\/div><\/div><\/div><div class=\"x-row x-container max width e729-e62 mk9-7 mk9-9 mk9-a mk9-b mk9-d mk9-s\"><div class=\"x-row-inner\"><div class=\"x-col e729-e63 mk9-t mk9-x mk9-10\"><span class=\"x-image e729-e64 mk9-12 mk9-15\"><img decoding=\"async\" src=\"https:\/\/lesfoisonnantes.fr\/info\/wp-content\/uploads\/2024\/09\/carre_dimanche_table_ronde_2.png\" width=\"201\" height=\"195\" alt=\"Image\" loading=\"lazy\"><\/span><\/div><div class=\"x-col e729-e65 mk9-t mk9-z mk9-10\"><div class=\"x-text x-content e729-e66 mk9-17 mk9-18 mk9-19 mk9-1b mk9-1d\">La derni\u00e8re conf\u00e9rence sur la th\u00e9matique \u00ab des graines pour un monde nouveau \u00bb cl\u00f4ture en pleine conscience les Foisonnantes 2024 : Jacques Besson, Alice Guyon, Charles-Maxence Layet et Stephan Schillinger nous emm\u00e8nent, par del\u00e0 les voies sans issue des d\u00e9pendances aux objets et substances de jouissance addictive, vers les extr\u00eames limites de la conscience humaine. Car, en v\u00e9rit\u00e9, il n\u2019y a pas de limite \u00e0 la joie de penser, cr\u00e9er et aimer\u2026<\/div><\/div><\/div><\/div><\/div><\/div>\n","protected":false},"excerpt":{"rendered":"<p>Retrouvez la programmation compl\u00e8te sur la page PROGRAMME du menu principal. Pour en apprendre plus sur les personnalit\u00e9s qui prennent part aux six conf\u00e9rences et tables rondes, ainsi qu&rsquo;aux conf\u00e9rences singuli\u00e8res, rendez-vous sur la page CONF\u00c9RENCIERS. COMMENT FAVORISER LE D\u00c9VELOPPEMENT HARMONIEUX DE L&rsquo;ENFANT FACE AUX ENJEUX CONTEMPORAINS ? Sonia Delahaigue, Senta Depuydt, Marie Grenet, Alice Guyon, Jo\u00eblle Richardi\u00e8re. Cinq sp\u00e9cialistes &#8230; <\/p>\n<div><a href=\"https:\/\/lesfoisonnantes.fr\/info\/?page_id=729\" class=\"more-link\">Read More<\/a><\/div>\n","protected":false},"author":2,"featured_media":0,"parent":267,"menu_order":0,"comment_status":"closed","ping_status":"closed","template":"template-blank-4.php","meta":{"footnotes":""},"class_list":["post-729","page","type-page","status-publish","hentry","no-post-thumbnail"],"yoast_head":"<!-- This site is optimized with the Yoast SEO plugin v23.0 - https:\/\/yoast.com\/wordpress\/plugins\/seo\/ -->\n<title>GRANDES CONF\u00c9RENCES ET TABLES RONDES - Les Foisonnantes 2024<\/title>\n<meta name=\"robots\" content=\"index, follow, max-snippet:-1, max-image-preview:large, max-video-preview:-1\" \/>\n<link rel=\"canonical\" href=\"https:\/\/lesfoisonnantes.fr\/info\/?page_id=729\" \/>\n<meta property=\"og:locale\" content=\"fr_FR\" \/>\n<meta property=\"og:type\" content=\"article\" \/>\n<meta property=\"og:title\" content=\"GRANDES CONF\u00c9RENCES ET TABLES RONDES - Les Foisonnantes 2024\" \/>\n<meta property=\"og:description\" content=\"Retrouvez la programmation compl\u00e8te sur la page PROGRAMME du menu principal. Pour en apprendre plus sur les personnalit\u00e9s qui prennent part aux six conf\u00e9rences et tables rondes, ainsi qu&#039;aux conf\u00e9rences singuli\u00e8res, rendez-vous sur la page CONF\u00c9RENCIERS. COMMENT FAVORISER LE D\u00c9VELOPPEMENT HARMONIEUX DE L&#039;ENFANT FACE AUX ENJEUX CONTEMPORAINS ? Sonia Delahaigue, Senta Depuydt, Marie Grenet, Alice Guyon, Jo\u00eblle Richardi\u00e8re. Cinq sp\u00e9cialistes ... Read More\" \/>\n<meta property=\"og:url\" content=\"https:\/\/lesfoisonnantes.fr\/info\/?page_id=729\" \/>\n<meta property=\"og:site_name\" content=\"Les Foisonnantes 2024\" \/>\n<meta property=\"article:modified_time\" content=\"2024-09-12T19:39:30+00:00\" \/>\n<meta name=\"twitter:card\" content=\"summary_large_image\" \/>\n<meta name=\"twitter:label1\" content=\"Dur\u00e9e de lecture estim\u00e9e\" \/>\n\t<meta name=\"twitter:data1\" content=\"6 minutes\" \/>\n<script type=\"application\/ld+json\" class=\"yoast-schema-graph\">{\"@context\":\"https:\/\/schema.org\",\"@graph\":[{\"@type\":\"WebPage\",\"@id\":\"https:\/\/lesfoisonnantes.fr\/info\/?page_id=729\",\"url\":\"https:\/\/lesfoisonnantes.fr\/info\/?page_id=729\",\"name\":\"GRANDES CONF\u00c9RENCES ET TABLES RONDES - Les Foisonnantes 2024\",\"isPartOf\":{\"@id\":\"https:\/\/lesfoisonnantes.fr\/info\/#website\"},\"datePublished\":\"2024-09-12T14:44:59+00:00\",\"dateModified\":\"2024-09-12T19:39:30+00:00\",\"breadcrumb\":{\"@id\":\"https:\/\/lesfoisonnantes.fr\/info\/?page_id=729#breadcrumb\"},\"inLanguage\":\"fr-FR\",\"potentialAction\":[{\"@type\":\"ReadAction\",\"target\":[\"https:\/\/lesfoisonnantes.fr\/info\/?page_id=729\"]}]},{\"@type\":\"BreadcrumbList\",\"@id\":\"https:\/\/lesfoisonnantes.fr\/info\/?page_id=729#breadcrumb\",\"itemListElement\":[{\"@type\":\"ListItem\",\"position\":1,\"name\":\"Accueil\",\"item\":\"https:\/\/lesfoisonnantes.fr\/info\/\"},{\"@type\":\"ListItem\",\"position\":2,\"name\":\"PROGRAMME\",\"item\":\"https:\/\/lesfoisonnantes.fr\/info\/?page_id=267\"},{\"@type\":\"ListItem\",\"position\":3,\"name\":\"GRANDES CONF\u00c9RENCES ET TABLES RONDES\"}]},{\"@type\":\"WebSite\",\"@id\":\"https:\/\/lesfoisonnantes.fr\/info\/#website\",\"url\":\"https:\/\/lesfoisonnantes.fr\/info\/\",\"name\":\"Les Foisonnantes 2024\",\"description\":\"Des graines pour un monde nouveau\",\"publisher\":{\"@id\":\"https:\/\/lesfoisonnantes.fr\/info\/#organization\"},\"potentialAction\":[{\"@type\":\"SearchAction\",\"target\":{\"@type\":\"EntryPoint\",\"urlTemplate\":\"https:\/\/lesfoisonnantes.fr\/info\/?s={search_term_string}\"},\"query-input\":\"required name=search_term_string\"}],\"inLanguage\":\"fr-FR\"},{\"@type\":\"Organization\",\"@id\":\"https:\/\/lesfoisonnantes.fr\/info\/#organization\",\"name\":\"Les Foisonnantes 2024\",\"url\":\"https:\/\/lesfoisonnantes.fr\/info\/\",\"logo\":{\"@type\":\"ImageObject\",\"inLanguage\":\"fr-FR\",\"@id\":\"https:\/\/lesfoisonnantes.fr\/info\/#\/schema\/logo\/image\/\",\"url\":\"https:\/\/lesfoisonnantes.fr\/info\/wp-content\/uploads\/2024\/05\/Capture-decran-2024-05-20-a-00.45.23.png\",\"contentUrl\":\"https:\/\/lesfoisonnantes.fr\/info\/wp-content\/uploads\/2024\/05\/Capture-decran-2024-05-20-a-00.45.23.png\",\"width\":1466,\"height\":1378,\"caption\":\"Les Foisonnantes 2024\"},\"image\":{\"@id\":\"https:\/\/lesfoisonnantes.fr\/info\/#\/schema\/logo\/image\/\"}}]}<\/script>\n<!-- \/ Yoast SEO plugin. -->","yoast_head_json":{"title":"GRANDES CONF\u00c9RENCES ET TABLES RONDES - Les Foisonnantes 2024","robots":{"index":"index","follow":"follow","max-snippet":"max-snippet:-1","max-image-preview":"max-image-preview:large","max-video-preview":"max-video-preview:-1"},"canonical":"https:\/\/lesfoisonnantes.fr\/info\/?page_id=729","og_locale":"fr_FR","og_type":"article","og_title":"GRANDES CONF\u00c9RENCES ET TABLES RONDES - Les Foisonnantes 2024","og_description":"Retrouvez la programmation compl\u00e8te sur la page PROGRAMME du menu principal. Pour en apprendre plus sur les personnalit\u00e9s qui prennent part aux six conf\u00e9rences et tables rondes, ainsi qu'aux conf\u00e9rences singuli\u00e8res, rendez-vous sur la page CONF\u00c9RENCIERS. COMMENT FAVORISER LE D\u00c9VELOPPEMENT HARMONIEUX DE L'ENFANT FACE AUX ENJEUX CONTEMPORAINS ? Sonia Delahaigue, Senta Depuydt, Marie Grenet, Alice Guyon, Jo\u00eblle Richardi\u00e8re. Cinq sp\u00e9cialistes ... Read More","og_url":"https:\/\/lesfoisonnantes.fr\/info\/?page_id=729","og_site_name":"Les Foisonnantes 2024","article_modified_time":"2024-09-12T19:39:30+00:00","twitter_card":"summary_large_image","twitter_misc":{"Dur\u00e9e de lecture estim\u00e9e":"6 minutes"},"schema":{"@context":"https:\/\/schema.org","@graph":[{"@type":"WebPage","@id":"https:\/\/lesfoisonnantes.fr\/info\/?page_id=729","url":"https:\/\/lesfoisonnantes.fr\/info\/?page_id=729","name":"GRANDES CONF\u00c9RENCES ET TABLES RONDES - Les Foisonnantes 2024","isPartOf":{"@id":"https:\/\/lesfoisonnantes.fr\/info\/#website"},"datePublished":"2024-09-12T14:44:59+00:00","dateModified":"2024-09-12T19:39:30+00:00","breadcrumb":{"@id":"https:\/\/lesfoisonnantes.fr\/info\/?page_id=729#breadcrumb"},"inLanguage":"fr-FR","potentialAction":[{"@type":"ReadAction","target":["https:\/\/lesfoisonnantes.fr\/info\/?page_id=729"]}]},{"@type":"BreadcrumbList","@id":"https:\/\/lesfoisonnantes.fr\/info\/?page_id=729#breadcrumb","itemListElement":[{"@type":"ListItem","position":1,"name":"Accueil","item":"https:\/\/lesfoisonnantes.fr\/info\/"},{"@type":"ListItem","position":2,"name":"PROGRAMME","item":"https:\/\/lesfoisonnantes.fr\/info\/?page_id=267"},{"@type":"ListItem","position":3,"name":"GRANDES CONF\u00c9RENCES ET TABLES RONDES"}]},{"@type":"WebSite","@id":"https:\/\/lesfoisonnantes.fr\/info\/#website","url":"https:\/\/lesfoisonnantes.fr\/info\/","name":"Les Foisonnantes 2024","description":"Des graines pour un monde nouveau","publisher":{"@id":"https:\/\/lesfoisonnantes.fr\/info\/#organization"},"potentialAction":[{"@type":"SearchAction","target":{"@type":"EntryPoint","urlTemplate":"https:\/\/lesfoisonnantes.fr\/info\/?s={search_term_string}"},"query-input":"required name=search_term_string"}],"inLanguage":"fr-FR"},{"@type":"Organization","@id":"https:\/\/lesfoisonnantes.fr\/info\/#organization","name":"Les Foisonnantes 2024","url":"https:\/\/lesfoisonnantes.fr\/info\/","logo":{"@type":"ImageObject","inLanguage":"fr-FR","@id":"https:\/\/lesfoisonnantes.fr\/info\/#\/schema\/logo\/image\/","url":"https:\/\/lesfoisonnantes.fr\/info\/wp-content\/uploads\/2024\/05\/Capture-decran-2024-05-20-a-00.45.23.png","contentUrl":"https:\/\/lesfoisonnantes.fr\/info\/wp-content\/uploads\/2024\/05\/Capture-decran-2024-05-20-a-00.45.23.png","width":1466,"height":1378,"caption":"Les Foisonnantes 2024"},"image":{"@id":"https:\/\/lesfoisonnantes.fr\/info\/#\/schema\/logo\/image\/"}}]}},"_links":{"self":[{"href":"https:\/\/lesfoisonnantes.fr\/info\/index.php?rest_route=\/wp\/v2\/pages\/729"}],"collection":[{"href":"https:\/\/lesfoisonnantes.fr\/info\/index.php?rest_route=\/wp\/v2\/pages"}],"about":[{"href":"https:\/\/lesfoisonnantes.fr\/info\/index.php?rest_route=\/wp\/v2\/types\/page"}],"author":[{"embeddable":true,"href":"https:\/\/lesfoisonnantes.fr\/info\/index.php?rest_route=\/wp\/v2\/users\/2"}],"replies":[{"embeddable":true,"href":"https:\/\/lesfoisonnantes.fr\/info\/index.php?rest_route=%2Fwp%2Fv2%2Fcomments&post=729"}],"version-history":[{"count":9,"href":"https:\/\/lesfoisonnantes.fr\/info\/index.php?rest_route=\/wp\/v2\/pages\/729\/revisions"}],"predecessor-version":[{"id":745,"href":"https:\/\/lesfoisonnantes.fr\/info\/index.php?rest_route=\/wp\/v2\/pages\/729\/revisions\/745"}],"up":[{"embeddable":true,"href":"https:\/\/lesfoisonnantes.fr\/info\/index.php?rest_route=\/wp\/v2\/pages\/267"}],"wp:attachment":[{"href":"https:\/\/lesfoisonnantes.fr\/info\/index.php?rest_route=%2Fwp%2Fv2%2Fmedia&parent=729"}],"curies":[{"name":"wp","href":"https:\/\/api.w.org\/{rel}","templated":true}]}}