{"id":621,"date":"2024-08-03T15:30:10","date_gmt":"2024-08-03T15:30:10","guid":{"rendered":"https:\/\/lesfoisonnantes.fr\/info\/?page_id=621"},"modified":"2024-09-15T19:47:19","modified_gmt":"2024-09-15T19:47:19","slug":"concerts","status":"publish","type":"page","link":"https:\/\/lesfoisonnantes.fr\/info\/?page_id=621","title":{"rendered":"CONCERTS"},"content":{"rendered":"<div id=\"cs-content\" class=\"cs-content\"><div class=\"x-section e621-e1 mh9-0\"><div class=\"x-row x-container max width e621-e2 mh9-1 mh9-2 mh9-4 mh9-5\"><div class=\"x-row-inner\"><div class=\"x-col e621-e3 mh9-d mh9-e\"><span class=\"x-image e621-e4 mh9-h mh9-i\"><img decoding=\"async\" src=\"https:\/\/lesfoisonnantes.fr\/info\/wp-content\/uploads\/2024\/08\/titre_concerts.png\" width=\"302\" height=\"164\" alt=\"Image\" loading=\"lazy\"><\/span><\/div><\/div><\/div><\/div><div class=\"x-section e621-e5 mh9-0\"><div class=\"x-row x-container max width e621-e6 mh9-1 mh9-3 mh9-4 mh9-6\"><div class=\"x-row-inner\"><div class=\"x-col e621-e7 mh9-d mh9-f\"><div class=\"x-text x-content e621-e8 mh9-k mh9-l\">DUO RELAX - JONGLERIE PSYCH\u00c9D\u00c9LIQUE<\/div><\/div><\/div><\/div><div class=\"x-row x-container max width e621-e9 mh9-1 mh9-3 mh9-4 mh9-7\"><div class=\"x-row-inner\"><div class=\"x-col e621-e10 mh9-d mh9-f\"><span class=\"x-image e621-e11 mh9-h mh9-j\"><img decoding=\"async\" src=\"https:\/\/lesfoisonnantes.fr\/info\/wp-content\/uploads\/2024\/08\/carre_relax.png\" width=\"232\" height=\"232\" alt=\"Image\" loading=\"lazy\"><\/span><\/div><div class=\"x-col e621-e12 mh9-d mh9-f\"><div class=\"x-row e621-e13 mh9-1 mh9-3 mh9-4 mh9-8\"><div class=\"x-row-inner\"><div class=\"x-col e621-e14 mh9-d mh9-f\"><div class=\"x-text x-content e621-e15 mh9-k mh9-m mh9-n\"><p>Ce duo de jonglerie futuriste transporte le public dans un univers psych\u00e9d\u00e9lique. V\u00e9ritable invitation au voyage visuel et sonore, original et innovant. Les mat\u00e9riaux lumineux led et pixel utilis\u00e9es avec art, cr\u00e9ent de v\u00e9ritables tableaux de lumi\u00e8re en jonglant avec des effets incroyables de mouvement et de couleur.<\/p>\n<p>Cr\u00e9ation visuelle et sonore, napp\u00e9e de musique \u00e9lectronique qui agit sur les perceptions de fa\u00e7on spectaculaire!<br \/>\n<a href=\"https:\/\/serafart.wixsite.com\/showmustgoon\/cierelax\">https:\/\/serafart.wixsite.com\/showmustgoon\/cierelax<\/a><\/p><\/div><\/div><\/div><\/div><\/div><\/div><\/div><\/div><div class=\"x-section e621-e16 mh9-0\"><div class=\"x-row x-container max width e621-e17 mh9-1 mh9-3 mh9-4 mh9-9\"><div class=\"x-row-inner\"><div class=\"x-col e621-e18 mh9-d mh9-f\"><div class=\"x-text x-content e621-e19 mh9-k mh9-l\">CONCERT DE CL\u00d4TURE<\/div><\/div><\/div><\/div><div class=\"x-row x-container max width e621-e20 mh9-1 mh9-3 mh9-4 mh9-a\"><div class=\"x-row-inner\"><div class=\"x-col e621-e21 mh9-d mh9-f\"><span class=\"x-image e621-e22 mh9-h mh9-j\"><img decoding=\"async\" src=\"https:\/\/lesfoisonnantes.fr\/info\/wp-content\/uploads\/2024\/08\/carre_cloture.png\" width=\"232\" height=\"232\" alt=\"Image\" loading=\"lazy\"><\/span><\/div><div class=\"x-col e621-e23 mh9-d mh9-f\"><div class=\"x-row e621-e24 mh9-1 mh9-3 mh9-4 mh9-b\"><div class=\"x-row-inner\"><div class=\"x-col e621-e25 mh9-d mh9-f\"><div class=\"x-text x-content e621-e26 mh9-k mh9-m mh9-o\"><p>Musique transcendante, venue du fond des \u00e2mes de Sophia et Sargam, accompagn\u00e9s aux percussions par Mathias Autexier.<br \/>\nDes instruments mystiques comme le Oud ou le Sitar invitent l'auditeur \u00e0 un silence int\u00e9rieur et \u00e0 un sentiment d'unit\u00e9 propice \u00e0 la m\u00e9ditation.\u2028Ukul\u00e9l\u00e9, bouzouki grec et percussions ethniques invitent \u00e0 la danse et \u00e0 la f\u00eate.\n\n<p><a href=\"https:\/\/www.satorisargam.com\/\">https:\/\/www.satorisargam.com\/<\/a><\/p><\/div><\/div><\/div><\/div><\/div><\/div><\/div><\/div><div class=\"x-section e621-e27 mh9-0\"><div class=\"x-row x-container max width e621-e28 mh9-1 mh9-3 mh9-4 mh9-c\"><div class=\"x-row-inner\"><div class=\"x-col e621-e29 mh9-d mh9-f mh9-g\"><a class=\"x-anchor x-anchor-button e621-e30 mh9-p\" tabindex=\"0\" href=\"#\"><div class=\"x-anchor-content\"><div class=\"x-anchor-text\"><span class=\"x-anchor-text-primary\">R\u00e9servation<\/span><\/div><\/div><\/a><\/div><\/div><\/div><\/div><\/div>\n","protected":false},"excerpt":{"rendered":"<p>DUO RELAX &#8211; JONGLERIE PSYCH\u00c9D\u00c9LIQUECe duo de jonglerie futuriste transporte le public dans un univers psych\u00e9d\u00e9lique. V\u00e9ritable invitation au voyage visuel et sonore, original et innovant. Les mat\u00e9riaux lumineux led et pixel utilis\u00e9es avec art, cr\u00e9ent de v\u00e9ritables tableaux de lumi\u00e8re en jonglant avec des effets incroyables de mouvement et de couleur. Cr\u00e9ation visuelle et sonore, napp\u00e9e de musique \u00e9lectronique &#8230; <\/p>\n<div><a href=\"https:\/\/lesfoisonnantes.fr\/info\/?page_id=621\" class=\"more-link\">Read More<\/a><\/div>\n","protected":false},"author":2,"featured_media":0,"parent":267,"menu_order":0,"comment_status":"closed","ping_status":"closed","template":"template-blank-4.php","meta":{"footnotes":""},"class_list":["post-621","page","type-page","status-publish","hentry","no-post-thumbnail"],"yoast_head":"<!-- This site is optimized with the Yoast SEO plugin v23.0 - https:\/\/yoast.com\/wordpress\/plugins\/seo\/ -->\n<title>CONCERTS - Les Foisonnantes 2024<\/title>\n<meta name=\"robots\" content=\"index, follow, max-snippet:-1, max-image-preview:large, max-video-preview:-1\" \/>\n<link rel=\"canonical\" href=\"https:\/\/lesfoisonnantes.fr\/info\/?page_id=621\" \/>\n<meta property=\"og:locale\" content=\"fr_FR\" \/>\n<meta property=\"og:type\" content=\"article\" \/>\n<meta property=\"og:title\" content=\"CONCERTS - Les Foisonnantes 2024\" \/>\n<meta property=\"og:description\" content=\"DUO RELAX - JONGLERIE PSYCH\u00c9D\u00c9LIQUECe duo de jonglerie futuriste transporte le public dans un univers psych\u00e9d\u00e9lique. V\u00e9ritable invitation au voyage visuel et sonore, original et innovant. Les mat\u00e9riaux lumineux led et pixel utilis\u00e9es avec art, cr\u00e9ent de v\u00e9ritables tableaux de lumi\u00e8re en jonglant avec des effets incroyables de mouvement et de couleur. Cr\u00e9ation visuelle et sonore, napp\u00e9e de musique \u00e9lectronique ... Read More\" \/>\n<meta property=\"og:url\" content=\"https:\/\/lesfoisonnantes.fr\/info\/?page_id=621\" \/>\n<meta property=\"og:site_name\" content=\"Les Foisonnantes 2024\" \/>\n<meta property=\"article:modified_time\" content=\"2024-09-15T19:47:19+00:00\" \/>\n<meta name=\"twitter:card\" content=\"summary_large_image\" \/>\n<meta name=\"twitter:label1\" content=\"Dur\u00e9e de lecture estim\u00e9e\" \/>\n\t<meta name=\"twitter:data1\" content=\"2 minutes\" \/>\n<script type=\"application\/ld+json\" class=\"yoast-schema-graph\">{\"@context\":\"https:\/\/schema.org\",\"@graph\":[{\"@type\":\"WebPage\",\"@id\":\"https:\/\/lesfoisonnantes.fr\/info\/?page_id=621\",\"url\":\"https:\/\/lesfoisonnantes.fr\/info\/?page_id=621\",\"name\":\"CONCERTS - Les Foisonnantes 2024\",\"isPartOf\":{\"@id\":\"https:\/\/lesfoisonnantes.fr\/info\/#website\"},\"datePublished\":\"2024-08-03T15:30:10+00:00\",\"dateModified\":\"2024-09-15T19:47:19+00:00\",\"breadcrumb\":{\"@id\":\"https:\/\/lesfoisonnantes.fr\/info\/?page_id=621#breadcrumb\"},\"inLanguage\":\"fr-FR\",\"potentialAction\":[{\"@type\":\"ReadAction\",\"target\":[\"https:\/\/lesfoisonnantes.fr\/info\/?page_id=621\"]}]},{\"@type\":\"BreadcrumbList\",\"@id\":\"https:\/\/lesfoisonnantes.fr\/info\/?page_id=621#breadcrumb\",\"itemListElement\":[{\"@type\":\"ListItem\",\"position\":1,\"name\":\"Accueil\",\"item\":\"https:\/\/lesfoisonnantes.fr\/info\/\"},{\"@type\":\"ListItem\",\"position\":2,\"name\":\"PROGRAMME\",\"item\":\"https:\/\/lesfoisonnantes.fr\/info\/?page_id=267\"},{\"@type\":\"ListItem\",\"position\":3,\"name\":\"CONCERTS\"}]},{\"@type\":\"WebSite\",\"@id\":\"https:\/\/lesfoisonnantes.fr\/info\/#website\",\"url\":\"https:\/\/lesfoisonnantes.fr\/info\/\",\"name\":\"Les Foisonnantes 2024\",\"description\":\"Des graines pour un monde nouveau\",\"publisher\":{\"@id\":\"https:\/\/lesfoisonnantes.fr\/info\/#organization\"},\"potentialAction\":[{\"@type\":\"SearchAction\",\"target\":{\"@type\":\"EntryPoint\",\"urlTemplate\":\"https:\/\/lesfoisonnantes.fr\/info\/?s={search_term_string}\"},\"query-input\":\"required name=search_term_string\"}],\"inLanguage\":\"fr-FR\"},{\"@type\":\"Organization\",\"@id\":\"https:\/\/lesfoisonnantes.fr\/info\/#organization\",\"name\":\"Les Foisonnantes 2024\",\"url\":\"https:\/\/lesfoisonnantes.fr\/info\/\",\"logo\":{\"@type\":\"ImageObject\",\"inLanguage\":\"fr-FR\",\"@id\":\"https:\/\/lesfoisonnantes.fr\/info\/#\/schema\/logo\/image\/\",\"url\":\"https:\/\/lesfoisonnantes.fr\/info\/wp-content\/uploads\/2024\/05\/Capture-decran-2024-05-20-a-00.45.23.png\",\"contentUrl\":\"https:\/\/lesfoisonnantes.fr\/info\/wp-content\/uploads\/2024\/05\/Capture-decran-2024-05-20-a-00.45.23.png\",\"width\":1466,\"height\":1378,\"caption\":\"Les Foisonnantes 2024\"},\"image\":{\"@id\":\"https:\/\/lesfoisonnantes.fr\/info\/#\/schema\/logo\/image\/\"}}]}<\/script>\n<!-- \/ Yoast SEO plugin. -->","yoast_head_json":{"title":"CONCERTS - Les Foisonnantes 2024","robots":{"index":"index","follow":"follow","max-snippet":"max-snippet:-1","max-image-preview":"max-image-preview:large","max-video-preview":"max-video-preview:-1"},"canonical":"https:\/\/lesfoisonnantes.fr\/info\/?page_id=621","og_locale":"fr_FR","og_type":"article","og_title":"CONCERTS - Les Foisonnantes 2024","og_description":"DUO RELAX - JONGLERIE PSYCH\u00c9D\u00c9LIQUECe duo de jonglerie futuriste transporte le public dans un univers psych\u00e9d\u00e9lique. V\u00e9ritable invitation au voyage visuel et sonore, original et innovant. Les mat\u00e9riaux lumineux led et pixel utilis\u00e9es avec art, cr\u00e9ent de v\u00e9ritables tableaux de lumi\u00e8re en jonglant avec des effets incroyables de mouvement et de couleur. Cr\u00e9ation visuelle et sonore, napp\u00e9e de musique \u00e9lectronique ... Read More","og_url":"https:\/\/lesfoisonnantes.fr\/info\/?page_id=621","og_site_name":"Les Foisonnantes 2024","article_modified_time":"2024-09-15T19:47:19+00:00","twitter_card":"summary_large_image","twitter_misc":{"Dur\u00e9e de lecture estim\u00e9e":"2 minutes"},"schema":{"@context":"https:\/\/schema.org","@graph":[{"@type":"WebPage","@id":"https:\/\/lesfoisonnantes.fr\/info\/?page_id=621","url":"https:\/\/lesfoisonnantes.fr\/info\/?page_id=621","name":"CONCERTS - Les Foisonnantes 2024","isPartOf":{"@id":"https:\/\/lesfoisonnantes.fr\/info\/#website"},"datePublished":"2024-08-03T15:30:10+00:00","dateModified":"2024-09-15T19:47:19+00:00","breadcrumb":{"@id":"https:\/\/lesfoisonnantes.fr\/info\/?page_id=621#breadcrumb"},"inLanguage":"fr-FR","potentialAction":[{"@type":"ReadAction","target":["https:\/\/lesfoisonnantes.fr\/info\/?page_id=621"]}]},{"@type":"BreadcrumbList","@id":"https:\/\/lesfoisonnantes.fr\/info\/?page_id=621#breadcrumb","itemListElement":[{"@type":"ListItem","position":1,"name":"Accueil","item":"https:\/\/lesfoisonnantes.fr\/info\/"},{"@type":"ListItem","position":2,"name":"PROGRAMME","item":"https:\/\/lesfoisonnantes.fr\/info\/?page_id=267"},{"@type":"ListItem","position":3,"name":"CONCERTS"}]},{"@type":"WebSite","@id":"https:\/\/lesfoisonnantes.fr\/info\/#website","url":"https:\/\/lesfoisonnantes.fr\/info\/","name":"Les Foisonnantes 2024","description":"Des graines pour un monde nouveau","publisher":{"@id":"https:\/\/lesfoisonnantes.fr\/info\/#organization"},"potentialAction":[{"@type":"SearchAction","target":{"@type":"EntryPoint","urlTemplate":"https:\/\/lesfoisonnantes.fr\/info\/?s={search_term_string}"},"query-input":"required name=search_term_string"}],"inLanguage":"fr-FR"},{"@type":"Organization","@id":"https:\/\/lesfoisonnantes.fr\/info\/#organization","name":"Les Foisonnantes 2024","url":"https:\/\/lesfoisonnantes.fr\/info\/","logo":{"@type":"ImageObject","inLanguage":"fr-FR","@id":"https:\/\/lesfoisonnantes.fr\/info\/#\/schema\/logo\/image\/","url":"https:\/\/lesfoisonnantes.fr\/info\/wp-content\/uploads\/2024\/05\/Capture-decran-2024-05-20-a-00.45.23.png","contentUrl":"https:\/\/lesfoisonnantes.fr\/info\/wp-content\/uploads\/2024\/05\/Capture-decran-2024-05-20-a-00.45.23.png","width":1466,"height":1378,"caption":"Les Foisonnantes 2024"},"image":{"@id":"https:\/\/lesfoisonnantes.fr\/info\/#\/schema\/logo\/image\/"}}]}},"_links":{"self":[{"href":"https:\/\/lesfoisonnantes.fr\/info\/index.php?rest_route=\/wp\/v2\/pages\/621"}],"collection":[{"href":"https:\/\/lesfoisonnantes.fr\/info\/index.php?rest_route=\/wp\/v2\/pages"}],"about":[{"href":"https:\/\/lesfoisonnantes.fr\/info\/index.php?rest_route=\/wp\/v2\/types\/page"}],"author":[{"embeddable":true,"href":"https:\/\/lesfoisonnantes.fr\/info\/index.php?rest_route=\/wp\/v2\/users\/2"}],"replies":[{"embeddable":true,"href":"https:\/\/lesfoisonnantes.fr\/info\/index.php?rest_route=%2Fwp%2Fv2%2Fcomments&post=621"}],"version-history":[{"count":10,"href":"https:\/\/lesfoisonnantes.fr\/info\/index.php?rest_route=\/wp\/v2\/pages\/621\/revisions"}],"predecessor-version":[{"id":747,"href":"https:\/\/lesfoisonnantes.fr\/info\/index.php?rest_route=\/wp\/v2\/pages\/621\/revisions\/747"}],"up":[{"embeddable":true,"href":"https:\/\/lesfoisonnantes.fr\/info\/index.php?rest_route=\/wp\/v2\/pages\/267"}],"wp:attachment":[{"href":"https:\/\/lesfoisonnantes.fr\/info\/index.php?rest_route=%2Fwp%2Fv2%2Fmedia&parent=621"}],"curies":[{"name":"wp","href":"https:\/\/api.w.org\/{rel}","templated":true}]}}