{"id":274,"date":"2024-07-31T18:53:44","date_gmt":"2024-07-31T18:53:44","guid":{"rendered":"https:\/\/lesfoisonnantes.fr\/info\/?page_id=274"},"modified":"2024-08-12T15:40:58","modified_gmt":"2024-08-12T15:40:58","slug":"infos-pratiques","status":"publish","type":"page","link":"https:\/\/lesfoisonnantes.fr\/info\/?page_id=274","title":{"rendered":"INFOS PRATIQUES"},"content":{"rendered":"<div id=\"cs-content\" class=\"cs-content\"><div class=\"x-section e274-e1 m7m-0 m7m-1\"><div class=\"x-row x-container max width e274-e2 m7m-3 m7m-4 m7m-5\"><div class=\"x-row-inner\"><div class=\"x-col e274-e3 m7m-8 m7m-9\"><span class=\"x-image e274-e4 m7m-a\"><img decoding=\"async\" src=\"https:\/\/lesfoisonnantes.fr\/info\/wp-content\/uploads\/2024\/08\/page_infos_pratiques_titre1.png\" width=\"481\" height=\"304\" alt=\"Image\" loading=\"lazy\"><\/span><\/div><\/div><\/div><\/div><div class=\"x-section e274-e5 m7m-0 m7m-2\"><div class=\"x-row x-container max width e274-e6 m7m-3 m7m-4 m7m-6\"><div class=\"x-row-inner\"><div class=\"x-col e274-e7 m7m-8\"><div class=\"x-text x-content e274-e8 m7m-b\"><p><span style=\"color: #9f3e55\"><strong>LES FOISONNANTES 2024<\/strong><\/span><\/p>\n\n<ul>\n \t<li><strong>DATES<\/strong><br \/>\n12 et 13 octobre 2024<\/li>\n \t<li><strong>HORAIRES<\/strong><br \/>\nsamedi : 9h30 - 22h, <br \/>\ndimanche : 9h30 - 20h30<br \/>\nPr\u00e9voir un temps d\u2019attente \u00e0 l\u2019entr\u00e9e, ouverture de l\u2019accueil \u00e0 8h00.<\/li>\n \t<li><strong>ADRESSE<\/strong><br \/>\nSisiteron 04200 Alpes de Haute Provence<\/li>\n<\/ul>\n<p>L\u2019ensemble de la programmation se d\u00e9roule dans le centre-ville de Sisteron o\u00f9 Les Foisonnantes ont investi quatre lieux rebaptis\u00e9s pour l\u2019\u00e9v\u00e8nement : la salle de l\u2019Utopia (Alcazar), la P\u00e9pini\u00e8re (salle de conf\u00e9rences Cassin), l\u2019\u00c0-c\u00f4t\u00e9 (parking \u00e0 c\u00f4t\u00e9 de l'Alcazar), la cour des Lucioles (cour du Tivoli). Voir le plan.<\/p>\n\n<ul>\n \t<li><strong>ORGANISATEURS<\/strong><br \/>\nAssociation Les Foisonnantes<\/li>\n \t<li><strong>ACHAT DES BILLETS D\u2019ENTR\u00c9E<\/strong><br \/>\nL\u2019achat des billets se fait \u00e0 partir du site www.lesfoisonnantes.fr, page r\u00e9servation. <br \/>\nVous serez redirig\u00e9 vers la plateforme HelloAsso des Foisonnantes, <br \/>\n1 - Cliquez sur \u00abr\u00e9servation et achat de billets\u00bb.<br \/>\n2 - Choisissez le billet d\u2019entr\u00e9e pour les conf\u00e9rences et\/ou tables-rondes qui vous int\u00e9ressent (10\u20ac chacune)<br \/>\n3 - Ajoutez l\u2019entr\u00e9e \u00e0 la cour des Lucioles, qui vous permet d\u2019assister aux spectacles et ateliers, durant une journ\u00e9e (5\u20ac)<br \/>\n4 - Ajoutez le concert du samedi soir (5\u20ac)<\/li>\n<\/ul>\n<p><span style=\"color: #9f3e55\"><strong>L\u2019entr\u00e9e est gratuite pour les scolaires, \u00e9tudiants sur pr\u00e9sentation de la <\/strong><\/span><span style=\"color: #993300\"><span style=\"color: #9f3e55\"><strong>carte d\u2019\u00e9tudiant. La r\u00e9servation est indispensable, compte-tenu du nombre de places disponibles.<\/strong><\/span><br \/>\n<\/span><\/p>\n<p>La programmation des conf\u00e9rences est susceptible de modifications. <br \/>\nEn cas d\u2019annulation, m\u00eame de derni\u00e8re minute de la part d\u2019un conf\u00e9rencier, cet impond\u00e9rable ne saurait \u00eatre imputable aux organisateurs des Foisonnantes.<br \/>\nLes billets ne sont ni rembours\u00e9s, ni \u00e9chang\u00e9s.<\/p>\n\n<ul>\n \t<li><strong>BILLETTERIE - BRACELETS<\/strong><\/li>\n<\/ul>\n<p>Chaque jour un bracelet de couleur vous sera remis apr\u00e8s v\u00e9rification <br \/>\nde votre r\u00e9servation. L\u2019acc\u00e8s aux conf\u00e9rences \u00e0 L\u2019Utopia et \u00e0 la P\u00e9pini\u00e8re n\u2019est possible que sur pr\u00e9sentation du billet de r\u00e9servation pour lesdites conf\u00e9rences. Idem pour le concert du samedi soir. Les salles ayant une capacit\u00e9 d\u2019accueil limit\u00e9e par les normes de s\u00e9curit\u00e9, le nombre de billets \u00e9dit\u00e9s est \u00e9galement limit\u00e9 \u00e0 cette jauge.<\/p>\n\n<ul>\n \t<li><strong>INSCRIPTION AUX ATELIERS COUR DES LUCIOLES<\/strong><\/li>\n<\/ul>\n<p>L\u2019inscription aux diff\u00e9rents ateliers (nombre de places limit\u00e9es) se fait <br \/>\nchaque jour \u00e0 partir de 9h00, au point info \u00e0-c\u00f4t\u00e9 de l\u2019Utopia. <br \/>\nLa cour ouvre ses portes \u00e0 9h30.<\/p>\n\n<ul>\n \t<li><strong>LES B\u00c9N\u00c9VOLES<\/strong><\/li>\n<\/ul>\n<p>Les b\u00e9n\u00e9voles pr\u00e9sents durant les deux journ\u00e9es, afin de vous informer, accompagner et veiller \u00e0 votre confort, sont reconnaissables \u00e0 leurs badges nominatifs.<\/p>\n\n<ul>\n \t<li><strong>DROIT \u00c0 L\u2019IMAGE<\/strong><\/li>\n<\/ul>\n<p>Nous vous informons que l\u2019\u00e9v\u00e8nement est public et qu\u2019il sera film\u00e9 et photographi\u00e9.<br \/>\nVous reconnaissez express\u00e9ment que votre image pourra \u00eatre utilis\u00e9e dans le cadre de la production de programmes audiovisuels, r\u00e9alis\u00e9s aux fins de promotion de l\u2019\u00e9v\u00e8nement.<\/p>\n\n<ul>\n \t<li><strong>S\u00c9CURIT\u00c9<\/strong><\/li>\n<\/ul>\n<p>Voir le R\u00e8glement Int\u00e9rieur \u00e0 t\u00e9l\u00e9charger en bas de la page.<\/p>\n<p><strong><br \/>\n<\/strong>Nous nous r\u00e9jouissons de vous accueillir !<\/p><\/div><\/div><\/div><\/div><\/div><div class=\"x-section e274-e9 m7m-0 m7m-2\"><div class=\"x-row x-container max width e274-e10 m7m-3 m7m-4 m7m-7\"><div class=\"x-row-inner\"><div class=\"x-col e274-e11 m7m-8 m7m-9\"><a class=\"x-anchor x-anchor-button e274-e12 m7m-c m7m-d\" tabindex=\"0\" href=\"https:\/\/lesfoisonnantes.fr\/info\/wp-content\/uploads\/2024\/08\/les_foisonnantes_reglement_interieur.pdf\"><div class=\"x-anchor-content\"><div class=\"x-anchor-text\"><span class=\"x-anchor-text-primary\">R\u00e8glement int\u00e9rieur<\/span><span class=\"x-anchor-text-secondary\">t\u00e9l\u00e9charger<\/span><\/div><\/div><\/a><\/div><div class=\"x-col e274-e13 m7m-8 m7m-9\"><a class=\"x-anchor x-anchor-button e274-e14 m7m-c m7m-e\" tabindex=\"0\" href=\"https:\/\/lesfoisonnantes.fr\/info\/wp-content\/uploads\/2024\/08\/les_foisonnantes_2024_siteron_vue_aerienne.jpg\"><div class=\"x-anchor-content\"><div class=\"x-anchor-text\"><span class=\"x-anchor-text-primary\">Plans des lieux<\/span><span class=\"x-anchor-text-secondary\">t\u00e9l\u00e9charger<\/span><\/div><\/div><\/a><\/div><\/div><\/div><\/div><\/div>\n","protected":false},"excerpt":{"rendered":"<p>LES FOISONNANTES 2024 DATES 12 et 13 octobre 2024 HORAIRES samedi : 9h30 &#8211; 22h, dimanche : 9h30 &#8211; 20h30 Pr\u00e9voir un temps d\u2019attente \u00e0 l\u2019entr\u00e9e, ouverture de l\u2019accueil \u00e0 8h00. ADRESSE Sisiteron 04200 Alpes de Haute Provence L\u2019ensemble de la programmation se d\u00e9roule dans le centre-ville de Sisteron o\u00f9 Les Foisonnantes ont investi quatre lieux rebaptis\u00e9s pour l\u2019\u00e9v\u00e8nement : &#8230; <\/p>\n<div><a href=\"https:\/\/lesfoisonnantes.fr\/info\/?page_id=274\" class=\"more-link\">Read More<\/a><\/div>\n","protected":false},"author":2,"featured_media":0,"parent":0,"menu_order":0,"comment_status":"closed","ping_status":"closed","template":"template-blank-2.php","meta":{"footnotes":""},"class_list":["post-274","page","type-page","status-publish","hentry","no-post-thumbnail"],"yoast_head":"<!-- This site is optimized with the Yoast SEO plugin v23.0 - https:\/\/yoast.com\/wordpress\/plugins\/seo\/ -->\n<title>INFOS PRATIQUES - Les Foisonnantes 2024<\/title>\n<meta name=\"robots\" content=\"index, follow, max-snippet:-1, max-image-preview:large, max-video-preview:-1\" \/>\n<link rel=\"canonical\" href=\"https:\/\/lesfoisonnantes.fr\/info\/?page_id=274\" \/>\n<meta property=\"og:locale\" content=\"fr_FR\" \/>\n<meta property=\"og:type\" content=\"article\" \/>\n<meta property=\"og:title\" content=\"INFOS PRATIQUES - Les Foisonnantes 2024\" \/>\n<meta property=\"og:description\" content=\"LES FOISONNANTES 2024 DATES 12 et 13 octobre 2024 HORAIRES samedi : 9h30 - 22h, dimanche : 9h30 - 20h30 Pr\u00e9voir un temps d\u2019attente \u00e0 l\u2019entr\u00e9e, ouverture de l\u2019accueil \u00e0 8h00. ADRESSE Sisiteron 04200 Alpes de Haute Provence L\u2019ensemble de la programmation se d\u00e9roule dans le centre-ville de Sisteron o\u00f9 Les Foisonnantes ont investi quatre lieux rebaptis\u00e9s pour l\u2019\u00e9v\u00e8nement : ... Read More\" \/>\n<meta property=\"og:url\" content=\"https:\/\/lesfoisonnantes.fr\/info\/?page_id=274\" \/>\n<meta property=\"og:site_name\" content=\"Les Foisonnantes 2024\" \/>\n<meta property=\"article:modified_time\" content=\"2024-08-12T15:40:58+00:00\" \/>\n<meta name=\"twitter:card\" content=\"summary_large_image\" \/>\n<meta name=\"twitter:label1\" content=\"Dur\u00e9e de lecture estim\u00e9e\" \/>\n\t<meta name=\"twitter:data1\" content=\"1 minute\" \/>\n<script type=\"application\/ld+json\" class=\"yoast-schema-graph\">{\"@context\":\"https:\/\/schema.org\",\"@graph\":[{\"@type\":\"WebPage\",\"@id\":\"https:\/\/lesfoisonnantes.fr\/info\/?page_id=274\",\"url\":\"https:\/\/lesfoisonnantes.fr\/info\/?page_id=274\",\"name\":\"INFOS PRATIQUES - Les Foisonnantes 2024\",\"isPartOf\":{\"@id\":\"https:\/\/lesfoisonnantes.fr\/info\/#website\"},\"datePublished\":\"2024-07-31T18:53:44+00:00\",\"dateModified\":\"2024-08-12T15:40:58+00:00\",\"breadcrumb\":{\"@id\":\"https:\/\/lesfoisonnantes.fr\/info\/?page_id=274#breadcrumb\"},\"inLanguage\":\"fr-FR\",\"potentialAction\":[{\"@type\":\"ReadAction\",\"target\":[\"https:\/\/lesfoisonnantes.fr\/info\/?page_id=274\"]}]},{\"@type\":\"BreadcrumbList\",\"@id\":\"https:\/\/lesfoisonnantes.fr\/info\/?page_id=274#breadcrumb\",\"itemListElement\":[{\"@type\":\"ListItem\",\"position\":1,\"name\":\"Accueil\",\"item\":\"https:\/\/lesfoisonnantes.fr\/info\/\"},{\"@type\":\"ListItem\",\"position\":2,\"name\":\"INFOS PRATIQUES\"}]},{\"@type\":\"WebSite\",\"@id\":\"https:\/\/lesfoisonnantes.fr\/info\/#website\",\"url\":\"https:\/\/lesfoisonnantes.fr\/info\/\",\"name\":\"Les Foisonnantes 2024\",\"description\":\"Des graines pour un monde nouveau\",\"publisher\":{\"@id\":\"https:\/\/lesfoisonnantes.fr\/info\/#organization\"},\"potentialAction\":[{\"@type\":\"SearchAction\",\"target\":{\"@type\":\"EntryPoint\",\"urlTemplate\":\"https:\/\/lesfoisonnantes.fr\/info\/?s={search_term_string}\"},\"query-input\":\"required name=search_term_string\"}],\"inLanguage\":\"fr-FR\"},{\"@type\":\"Organization\",\"@id\":\"https:\/\/lesfoisonnantes.fr\/info\/#organization\",\"name\":\"Les Foisonnantes 2024\",\"url\":\"https:\/\/lesfoisonnantes.fr\/info\/\",\"logo\":{\"@type\":\"ImageObject\",\"inLanguage\":\"fr-FR\",\"@id\":\"https:\/\/lesfoisonnantes.fr\/info\/#\/schema\/logo\/image\/\",\"url\":\"https:\/\/lesfoisonnantes.fr\/info\/wp-content\/uploads\/2024\/05\/Capture-decran-2024-05-20-a-00.45.23.png\",\"contentUrl\":\"https:\/\/lesfoisonnantes.fr\/info\/wp-content\/uploads\/2024\/05\/Capture-decran-2024-05-20-a-00.45.23.png\",\"width\":1466,\"height\":1378,\"caption\":\"Les Foisonnantes 2024\"},\"image\":{\"@id\":\"https:\/\/lesfoisonnantes.fr\/info\/#\/schema\/logo\/image\/\"}}]}<\/script>\n<!-- \/ Yoast SEO plugin. -->","yoast_head_json":{"title":"INFOS PRATIQUES - Les Foisonnantes 2024","robots":{"index":"index","follow":"follow","max-snippet":"max-snippet:-1","max-image-preview":"max-image-preview:large","max-video-preview":"max-video-preview:-1"},"canonical":"https:\/\/lesfoisonnantes.fr\/info\/?page_id=274","og_locale":"fr_FR","og_type":"article","og_title":"INFOS PRATIQUES - Les Foisonnantes 2024","og_description":"LES FOISONNANTES 2024 DATES 12 et 13 octobre 2024 HORAIRES samedi : 9h30 - 22h, dimanche : 9h30 - 20h30 Pr\u00e9voir un temps d\u2019attente \u00e0 l\u2019entr\u00e9e, ouverture de l\u2019accueil \u00e0 8h00. ADRESSE Sisiteron 04200 Alpes de Haute Provence L\u2019ensemble de la programmation se d\u00e9roule dans le centre-ville de Sisteron o\u00f9 Les Foisonnantes ont investi quatre lieux rebaptis\u00e9s pour l\u2019\u00e9v\u00e8nement : ... Read More","og_url":"https:\/\/lesfoisonnantes.fr\/info\/?page_id=274","og_site_name":"Les Foisonnantes 2024","article_modified_time":"2024-08-12T15:40:58+00:00","twitter_card":"summary_large_image","twitter_misc":{"Dur\u00e9e de lecture estim\u00e9e":"1 minute"},"schema":{"@context":"https:\/\/schema.org","@graph":[{"@type":"WebPage","@id":"https:\/\/lesfoisonnantes.fr\/info\/?page_id=274","url":"https:\/\/lesfoisonnantes.fr\/info\/?page_id=274","name":"INFOS PRATIQUES - Les Foisonnantes 2024","isPartOf":{"@id":"https:\/\/lesfoisonnantes.fr\/info\/#website"},"datePublished":"2024-07-31T18:53:44+00:00","dateModified":"2024-08-12T15:40:58+00:00","breadcrumb":{"@id":"https:\/\/lesfoisonnantes.fr\/info\/?page_id=274#breadcrumb"},"inLanguage":"fr-FR","potentialAction":[{"@type":"ReadAction","target":["https:\/\/lesfoisonnantes.fr\/info\/?page_id=274"]}]},{"@type":"BreadcrumbList","@id":"https:\/\/lesfoisonnantes.fr\/info\/?page_id=274#breadcrumb","itemListElement":[{"@type":"ListItem","position":1,"name":"Accueil","item":"https:\/\/lesfoisonnantes.fr\/info\/"},{"@type":"ListItem","position":2,"name":"INFOS PRATIQUES"}]},{"@type":"WebSite","@id":"https:\/\/lesfoisonnantes.fr\/info\/#website","url":"https:\/\/lesfoisonnantes.fr\/info\/","name":"Les Foisonnantes 2024","description":"Des graines pour un monde nouveau","publisher":{"@id":"https:\/\/lesfoisonnantes.fr\/info\/#organization"},"potentialAction":[{"@type":"SearchAction","target":{"@type":"EntryPoint","urlTemplate":"https:\/\/lesfoisonnantes.fr\/info\/?s={search_term_string}"},"query-input":"required name=search_term_string"}],"inLanguage":"fr-FR"},{"@type":"Organization","@id":"https:\/\/lesfoisonnantes.fr\/info\/#organization","name":"Les Foisonnantes 2024","url":"https:\/\/lesfoisonnantes.fr\/info\/","logo":{"@type":"ImageObject","inLanguage":"fr-FR","@id":"https:\/\/lesfoisonnantes.fr\/info\/#\/schema\/logo\/image\/","url":"https:\/\/lesfoisonnantes.fr\/info\/wp-content\/uploads\/2024\/05\/Capture-decran-2024-05-20-a-00.45.23.png","contentUrl":"https:\/\/lesfoisonnantes.fr\/info\/wp-content\/uploads\/2024\/05\/Capture-decran-2024-05-20-a-00.45.23.png","width":1466,"height":1378,"caption":"Les Foisonnantes 2024"},"image":{"@id":"https:\/\/lesfoisonnantes.fr\/info\/#\/schema\/logo\/image\/"}}]}},"_links":{"self":[{"href":"https:\/\/lesfoisonnantes.fr\/info\/index.php?rest_route=\/wp\/v2\/pages\/274"}],"collection":[{"href":"https:\/\/lesfoisonnantes.fr\/info\/index.php?rest_route=\/wp\/v2\/pages"}],"about":[{"href":"https:\/\/lesfoisonnantes.fr\/info\/index.php?rest_route=\/wp\/v2\/types\/page"}],"author":[{"embeddable":true,"href":"https:\/\/lesfoisonnantes.fr\/info\/index.php?rest_route=\/wp\/v2\/users\/2"}],"replies":[{"embeddable":true,"href":"https:\/\/lesfoisonnantes.fr\/info\/index.php?rest_route=%2Fwp%2Fv2%2Fcomments&post=274"}],"version-history":[{"count":13,"href":"https:\/\/lesfoisonnantes.fr\/info\/index.php?rest_route=\/wp\/v2\/pages\/274\/revisions"}],"predecessor-version":[{"id":682,"href":"https:\/\/lesfoisonnantes.fr\/info\/index.php?rest_route=\/wp\/v2\/pages\/274\/revisions\/682"}],"wp:attachment":[{"href":"https:\/\/lesfoisonnantes.fr\/info\/index.php?rest_route=%2Fwp%2Fv2%2Fmedia&parent=274"}],"curies":[{"name":"wp","href":"https:\/\/api.w.org\/{rel}","templated":true}]}}