{"id":271,"date":"2024-07-31T19:30:26","date_gmt":"2024-07-31T19:30:26","guid":{"rendered":"https:\/\/lesfoisonnantes.fr\/info\/?page_id=271"},"modified":"2024-08-03T15:54:21","modified_gmt":"2024-08-03T15:54:21","slug":"presentation","status":"publish","type":"page","link":"https:\/\/lesfoisonnantes.fr\/info\/?page_id=271","title":{"rendered":"PR\u00c9SENTATION"},"content":{"rendered":"<div id=\"cs-content\" class=\"cs-content\"><div class=\"x-section e271-e1 m7j-0 m7j-1 m7j-2\"><div class=\"x-row x-container max width e271-e2 m7j-6 m7j-7 m7j-b m7j-c\"><div class=\"x-row-inner\"><div class=\"x-col e271-e3 m7j-f m7j-g m7j-h\"><span class=\"x-image e271-e4 m7j-j m7j-k\"><img decoding=\"async\" src=\"https:\/\/lesfoisonnantes.fr\/info\/wp-content\/uploads\/2024\/08\/presentation.png\" width=\"552\" height=\"231\" alt=\"Image\" loading=\"lazy\"><\/span><\/div><\/div><\/div><\/div><div class=\"x-section e271-e5 m7j-0 m7j-3\"><div class=\"x-row x-container max width e271-e6 m7j-6 m7j-8 m7j-9 m7j-b m7j-d\"><div class=\"x-row-inner\"><div class=\"x-col e271-e7 m7j-f m7j-i\"><span class=\"x-image e271-e8 m7j-k m7j-l m7j-5\"><img decoding=\"async\" src=\"https:\/\/lesfoisonnantes.fr\/info\/wp-content\/uploads\/2024\/05\/Conference-LouisFabien.jpg\" width=\"2560\" height=\"1920\" alt=\"Image\" loading=\"lazy\"><\/span><\/div><div class=\"x-col e271-e9 m7j-f m7j-i\"><div class=\"x-text x-content e271-e10 m7j-m\"><p>LES FOISONNANTES, C\u2019EST QUOI ?<\/p>\n<p>\u00c0 l\u2019origine des Foisonnantes, il y a une poign\u00e9e de personnes impliqu\u00e9es activement et professionnellement dans les domaines de l\u2019\u00e9ducation vers l\u2019autonomie en sant\u00e9, de l\u2019instruction et du bien-\u00eatre des enfants et des parents, porteuses de projets r\u00e9solument tourn\u00e9s vers un \u00ab \u00eatre-ensemble humainement d\u00e9sirable \u00bb.<\/p>\n<p>R\u00e9unis en association avec une gouvernance coll\u00e9giale, nous cheminons depuis avril 2022 en compagnie de plusieurs dizaines de b\u00e9n\u00e9voles pour mettre en pratique notre raison d\u2019\u00eatre : exp\u00e9rimenter ensemble les outils de mise en lien et de cr\u00e9ation collective afin de co-construire concr\u00e8tement et localement notre soci\u00e9t\u00e9.<\/p>\n<p>Les Foisonnantes, Rencontres \u00e9volutionnaires, ont eu lieu aux M\u00e9es (04) les 15, 16 et 17 septembre 2023. <br \/>\nLe succ\u00e8s remport\u00e9 par l\u2019\u00e9v\u00e8nement (plus de 3000 entr\u00e9es, des centaines de t\u00e9moignages de gratitude) nous a encourag\u00e9s \u00e0 poursuivre l\u2019aventure.<\/p>\n<p>Con\u00e7ues d\u00e8s l\u2019origine comme un \u00e9v\u00e8nement nomade, qui existerait selon la temp\u00e9rature des lieux, la couleur du temps et l\u2019enthousiasme des participants, Les Foisonnantes \u00e9dition 2024 se d\u00e9roulent \u00e0 Sisteron, les 12 et 13 octobre.<\/p>\n<p>Deux journ\u00e9es d\u00e9di\u00e9es \u00e0 la jeunesse : quelle est sa place dans notre soci\u00e9t\u00e9 occidentale, ses pr\u00e9occupations, sa sant\u00e9, son instruction, ses questionnements et ses r\u00eaves pour le monde d\u2019aujourd\u2019hui et de demain\u2026<\/p>\n<p>Ce th\u00e8me sera tout au long des tables-rondes et des conf\u00e9rences brod\u00e9 par le fil rouge de la conscience, qu\u2019on l\u2019appr\u00e9hende du point de vue scientifique, philosophique ou spirituel.<\/p>\n<p>Conscience de soi, des autres, de l\u2019environnement, mais \u00e9galement conscience de quelque chose de plus grand que soi.<br \/>\nCar la conscience est une porte qui ouvre sur de vastes domaines, tels la gouvernance, l\u2019\u00e9ducation, l\u2019alimentation, la sant\u00e9 mentale et physique, le respect et l\u2019entraide par le tissage de liens humains.<\/p>\n<p>Autant de questions qui seront abord\u00e9es et d\u00e9velopp\u00e9es par 17 conf\u00e9renciers lors de grandes conf\u00e9rences, de tables-rondes \u00e0 plusieurs voix et de conf\u00e9rences singuli\u00e8res.<\/p>\n<p>La Cour des Lucioles, v\u00e9ritable sc\u00e8ne en plein air, proposera spectacles pour les petits et les grands, ateliers, causeries et partage des savoirs, dans l'ambiance joyeuse et chaleureuse qui a fait le succ\u00e8s des Foisonnantes 2023 !<\/p><\/div><\/div><\/div><\/div><\/div><div class=\"x-section e271-e11 m7j-0 m7j-1 m7j-4\"><div class=\"x-row x-container max width e271-e12 m7j-6 m7j-8 m7j-a m7j-b m7j-e\"><div class=\"x-row-inner\"><div class=\"x-col e271-e13 m7j-f m7j-h m7j-i\"><a class=\"x-anchor x-anchor-button e271-e14 m7j-n\" tabindex=\"0\" href=\"#https:\/\/www.helloasso.com\/associations\/les-foisonnantes\/evenements\/reservation-et-achat-de-billets\"><div class=\"x-anchor-content\"><div class=\"x-anchor-text\"><span class=\"x-anchor-text-primary\">R\u00e9servation<\/span><\/div><\/div><\/a><\/div><\/div><\/div><\/div><\/div>\n","protected":false},"excerpt":{"rendered":"<p>LES FOISONNANTES, C\u2019EST QUOI ? \u00c0 l\u2019origine des Foisonnantes, il y a une poign\u00e9e de personnes impliqu\u00e9es activement et professionnellement dans les domaines de l\u2019\u00e9ducation vers l\u2019autonomie en sant\u00e9, de l\u2019instruction et du bien-\u00eatre des enfants et des parents, porteuses de projets r\u00e9solument tourn\u00e9s vers un \u00ab \u00eatre-ensemble humainement d\u00e9sirable \u00bb. R\u00e9unis en association avec une gouvernance coll\u00e9giale, nous cheminons &#8230; <\/p>\n<div><a href=\"https:\/\/lesfoisonnantes.fr\/info\/?page_id=271\" class=\"more-link\">Read More<\/a><\/div>\n","protected":false},"author":2,"featured_media":0,"parent":2,"menu_order":0,"comment_status":"closed","ping_status":"closed","template":"template-blank-5.php","meta":{"footnotes":""},"class_list":["post-271","page","type-page","status-publish","hentry","no-post-thumbnail"],"yoast_head":"<!-- This site is optimized with the Yoast SEO plugin v23.0 - https:\/\/yoast.com\/wordpress\/plugins\/seo\/ -->\n<title>PR\u00c9SENTATION - Les Foisonnantes 2024<\/title>\n<meta name=\"robots\" content=\"index, follow, max-snippet:-1, max-image-preview:large, max-video-preview:-1\" \/>\n<link rel=\"canonical\" href=\"https:\/\/lesfoisonnantes.fr\/info\/?page_id=271\" \/>\n<meta property=\"og:locale\" content=\"fr_FR\" \/>\n<meta property=\"og:type\" content=\"article\" \/>\n<meta property=\"og:title\" content=\"PR\u00c9SENTATION - Les Foisonnantes 2024\" \/>\n<meta property=\"og:description\" content=\"LES FOISONNANTES, C\u2019EST QUOI ? \u00c0 l\u2019origine des Foisonnantes, il y a une poign\u00e9e de personnes impliqu\u00e9es activement et professionnellement dans les domaines de l\u2019\u00e9ducation vers l\u2019autonomie en sant\u00e9, de l\u2019instruction et du bien-\u00eatre des enfants et des parents, porteuses de projets r\u00e9solument tourn\u00e9s vers un \u00ab \u00eatre-ensemble humainement d\u00e9sirable \u00bb. R\u00e9unis en association avec une gouvernance coll\u00e9giale, nous cheminons ... Read More\" \/>\n<meta property=\"og:url\" content=\"https:\/\/lesfoisonnantes.fr\/info\/?page_id=271\" \/>\n<meta property=\"og:site_name\" content=\"Les Foisonnantes 2024\" \/>\n<meta property=\"article:modified_time\" content=\"2024-08-03T15:54:21+00:00\" \/>\n<meta name=\"twitter:card\" content=\"summary_large_image\" \/>\n<meta name=\"twitter:label1\" content=\"Dur\u00e9e de lecture estim\u00e9e\" \/>\n\t<meta name=\"twitter:data1\" content=\"3 minutes\" \/>\n<script type=\"application\/ld+json\" class=\"yoast-schema-graph\">{\"@context\":\"https:\/\/schema.org\",\"@graph\":[{\"@type\":\"WebPage\",\"@id\":\"https:\/\/lesfoisonnantes.fr\/info\/?page_id=271\",\"url\":\"https:\/\/lesfoisonnantes.fr\/info\/?page_id=271\",\"name\":\"PR\u00c9SENTATION - Les Foisonnantes 2024\",\"isPartOf\":{\"@id\":\"https:\/\/lesfoisonnantes.fr\/info\/#website\"},\"datePublished\":\"2024-07-31T19:30:26+00:00\",\"dateModified\":\"2024-08-03T15:54:21+00:00\",\"breadcrumb\":{\"@id\":\"https:\/\/lesfoisonnantes.fr\/info\/?page_id=271#breadcrumb\"},\"inLanguage\":\"fr-FR\",\"potentialAction\":[{\"@type\":\"ReadAction\",\"target\":[\"https:\/\/lesfoisonnantes.fr\/info\/?page_id=271\"]}]},{\"@type\":\"BreadcrumbList\",\"@id\":\"https:\/\/lesfoisonnantes.fr\/info\/?page_id=271#breadcrumb\",\"itemListElement\":[{\"@type\":\"ListItem\",\"position\":1,\"name\":\"Accueil\",\"item\":\"https:\/\/lesfoisonnantes.fr\/info\/\"},{\"@type\":\"ListItem\",\"position\":2,\"name\":\"ACCUEIL\",\"item\":\"https:\/\/lesfoisonnantes.fr\/info\/\"},{\"@type\":\"ListItem\",\"position\":3,\"name\":\"PR\u00c9SENTATION\"}]},{\"@type\":\"WebSite\",\"@id\":\"https:\/\/lesfoisonnantes.fr\/info\/#website\",\"url\":\"https:\/\/lesfoisonnantes.fr\/info\/\",\"name\":\"Les Foisonnantes 2024\",\"description\":\"Des graines pour un monde nouveau\",\"publisher\":{\"@id\":\"https:\/\/lesfoisonnantes.fr\/info\/#organization\"},\"potentialAction\":[{\"@type\":\"SearchAction\",\"target\":{\"@type\":\"EntryPoint\",\"urlTemplate\":\"https:\/\/lesfoisonnantes.fr\/info\/?s={search_term_string}\"},\"query-input\":\"required name=search_term_string\"}],\"inLanguage\":\"fr-FR\"},{\"@type\":\"Organization\",\"@id\":\"https:\/\/lesfoisonnantes.fr\/info\/#organization\",\"name\":\"Les Foisonnantes 2024\",\"url\":\"https:\/\/lesfoisonnantes.fr\/info\/\",\"logo\":{\"@type\":\"ImageObject\",\"inLanguage\":\"fr-FR\",\"@id\":\"https:\/\/lesfoisonnantes.fr\/info\/#\/schema\/logo\/image\/\",\"url\":\"https:\/\/lesfoisonnantes.fr\/info\/wp-content\/uploads\/2024\/05\/Capture-decran-2024-05-20-a-00.45.23.png\",\"contentUrl\":\"https:\/\/lesfoisonnantes.fr\/info\/wp-content\/uploads\/2024\/05\/Capture-decran-2024-05-20-a-00.45.23.png\",\"width\":1466,\"height\":1378,\"caption\":\"Les Foisonnantes 2024\"},\"image\":{\"@id\":\"https:\/\/lesfoisonnantes.fr\/info\/#\/schema\/logo\/image\/\"}}]}<\/script>\n<!-- \/ Yoast SEO plugin. -->","yoast_head_json":{"title":"PR\u00c9SENTATION - Les Foisonnantes 2024","robots":{"index":"index","follow":"follow","max-snippet":"max-snippet:-1","max-image-preview":"max-image-preview:large","max-video-preview":"max-video-preview:-1"},"canonical":"https:\/\/lesfoisonnantes.fr\/info\/?page_id=271","og_locale":"fr_FR","og_type":"article","og_title":"PR\u00c9SENTATION - Les Foisonnantes 2024","og_description":"LES FOISONNANTES, C\u2019EST QUOI ? \u00c0 l\u2019origine des Foisonnantes, il y a une poign\u00e9e de personnes impliqu\u00e9es activement et professionnellement dans les domaines de l\u2019\u00e9ducation vers l\u2019autonomie en sant\u00e9, de l\u2019instruction et du bien-\u00eatre des enfants et des parents, porteuses de projets r\u00e9solument tourn\u00e9s vers un \u00ab \u00eatre-ensemble humainement d\u00e9sirable \u00bb. R\u00e9unis en association avec une gouvernance coll\u00e9giale, nous cheminons ... Read More","og_url":"https:\/\/lesfoisonnantes.fr\/info\/?page_id=271","og_site_name":"Les Foisonnantes 2024","article_modified_time":"2024-08-03T15:54:21+00:00","twitter_card":"summary_large_image","twitter_misc":{"Dur\u00e9e de lecture estim\u00e9e":"3 minutes"},"schema":{"@context":"https:\/\/schema.org","@graph":[{"@type":"WebPage","@id":"https:\/\/lesfoisonnantes.fr\/info\/?page_id=271","url":"https:\/\/lesfoisonnantes.fr\/info\/?page_id=271","name":"PR\u00c9SENTATION - Les Foisonnantes 2024","isPartOf":{"@id":"https:\/\/lesfoisonnantes.fr\/info\/#website"},"datePublished":"2024-07-31T19:30:26+00:00","dateModified":"2024-08-03T15:54:21+00:00","breadcrumb":{"@id":"https:\/\/lesfoisonnantes.fr\/info\/?page_id=271#breadcrumb"},"inLanguage":"fr-FR","potentialAction":[{"@type":"ReadAction","target":["https:\/\/lesfoisonnantes.fr\/info\/?page_id=271"]}]},{"@type":"BreadcrumbList","@id":"https:\/\/lesfoisonnantes.fr\/info\/?page_id=271#breadcrumb","itemListElement":[{"@type":"ListItem","position":1,"name":"Accueil","item":"https:\/\/lesfoisonnantes.fr\/info\/"},{"@type":"ListItem","position":2,"name":"ACCUEIL","item":"https:\/\/lesfoisonnantes.fr\/info\/"},{"@type":"ListItem","position":3,"name":"PR\u00c9SENTATION"}]},{"@type":"WebSite","@id":"https:\/\/lesfoisonnantes.fr\/info\/#website","url":"https:\/\/lesfoisonnantes.fr\/info\/","name":"Les Foisonnantes 2024","description":"Des graines pour un monde nouveau","publisher":{"@id":"https:\/\/lesfoisonnantes.fr\/info\/#organization"},"potentialAction":[{"@type":"SearchAction","target":{"@type":"EntryPoint","urlTemplate":"https:\/\/lesfoisonnantes.fr\/info\/?s={search_term_string}"},"query-input":"required name=search_term_string"}],"inLanguage":"fr-FR"},{"@type":"Organization","@id":"https:\/\/lesfoisonnantes.fr\/info\/#organization","name":"Les Foisonnantes 2024","url":"https:\/\/lesfoisonnantes.fr\/info\/","logo":{"@type":"ImageObject","inLanguage":"fr-FR","@id":"https:\/\/lesfoisonnantes.fr\/info\/#\/schema\/logo\/image\/","url":"https:\/\/lesfoisonnantes.fr\/info\/wp-content\/uploads\/2024\/05\/Capture-decran-2024-05-20-a-00.45.23.png","contentUrl":"https:\/\/lesfoisonnantes.fr\/info\/wp-content\/uploads\/2024\/05\/Capture-decran-2024-05-20-a-00.45.23.png","width":1466,"height":1378,"caption":"Les Foisonnantes 2024"},"image":{"@id":"https:\/\/lesfoisonnantes.fr\/info\/#\/schema\/logo\/image\/"}}]}},"_links":{"self":[{"href":"https:\/\/lesfoisonnantes.fr\/info\/index.php?rest_route=\/wp\/v2\/pages\/271"}],"collection":[{"href":"https:\/\/lesfoisonnantes.fr\/info\/index.php?rest_route=\/wp\/v2\/pages"}],"about":[{"href":"https:\/\/lesfoisonnantes.fr\/info\/index.php?rest_route=\/wp\/v2\/types\/page"}],"author":[{"embeddable":true,"href":"https:\/\/lesfoisonnantes.fr\/info\/index.php?rest_route=\/wp\/v2\/users\/2"}],"replies":[{"embeddable":true,"href":"https:\/\/lesfoisonnantes.fr\/info\/index.php?rest_route=%2Fwp%2Fv2%2Fcomments&post=271"}],"version-history":[{"count":14,"href":"https:\/\/lesfoisonnantes.fr\/info\/index.php?rest_route=\/wp\/v2\/pages\/271\/revisions"}],"predecessor-version":[{"id":617,"href":"https:\/\/lesfoisonnantes.fr\/info\/index.php?rest_route=\/wp\/v2\/pages\/271\/revisions\/617"}],"up":[{"embeddable":true,"href":"https:\/\/lesfoisonnantes.fr\/info\/index.php?rest_route=\/wp\/v2\/pages\/2"}],"wp:attachment":[{"href":"https:\/\/lesfoisonnantes.fr\/info\/index.php?rest_route=%2Fwp%2Fv2%2Fmedia&parent=271"}],"curies":[{"name":"wp","href":"https:\/\/api.w.org\/{rel}","templated":true}]}}